{"id":2435,"date":"2025-08-05T13:19:45","date_gmt":"2025-08-05T13:19:45","guid":{"rendered":"https:\/\/humedalessinfronteras.org\/?page_id=2435"},"modified":"2025-11-10T11:22:50","modified_gmt":"2025-11-10T11:22:50","slug":"nosso-trabalho","status":"publish","type":"page","link":"https:\/\/humedalessinfronteras.org\/pt-br\/nosso-trabalho\/","title":{"rendered":"Nosso trabalho"},"content":{"rendered":"<p>[et_pb_section fb_built=&#8221;1&#8243; _builder_version=&#8221;4.16&#8243; _module_preset=&#8221;default&#8221; custom_margin=&#8221;0px|0px|0px|0px|false|false&#8221; custom_padding=&#8221;0px|0px|0px|0px|false|false&#8221; global_colors_info=&#8221;{}&#8221;][et_pb_row _builder_version=&#8221;4.27.2&#8243; _module_preset=&#8221;default&#8221; background_image=&#8221;https:\/\/humedalessinfronteras.org\/wp-content\/uploads\/2024\/11\/Wetlands-without-borders-water-bird.jpg&#8221; width=&#8221;100%&#8221; max_width=&#8221;100%&#8221; height=&#8221;27vw&#8221; custom_margin=&#8221;0px|0px|0px|0px|false|false&#8221; custom_padding=&#8221;0px|0px|0px|0px|false|false&#8221; global_colors_info=&#8221;{}&#8221;][et_pb_column type=&#8221;4_4&#8243; _builder_version=&#8221;4.16&#8243; _module_preset=&#8221;default&#8221; global_colors_info=&#8221;{}&#8221;][\/et_pb_column][\/et_pb_row][\/et_pb_section][et_pb_section fb_built=&#8221;1&#8243; module_class=&#8221;blue-page-intro&#8221; _builder_version=&#8221;4.27.2&#8243; _module_preset=&#8221;default&#8221; background_color=&#8221;RGBA(255,255,255,0)&#8221; global_colors_info=&#8221;{}&#8221;][et_pb_row _builder_version=&#8221;4.27.2&#8243; _module_preset=&#8221;default&#8221; global_colors_info=&#8221;{}&#8221;][et_pb_column type=&#8221;4_4&#8243; _builder_version=&#8221;4.27.2&#8243; _module_preset=&#8221;default&#8221; global_colors_info=&#8221;{}&#8221;][et_pb_text _builder_version=&#8221;4.27.2&#8243; _module_preset=&#8221;default&#8221; text_orientation=&#8221;center&#8221; global_colors_info=&#8221;{}&#8221;]<\/p>\n<h1 style=\"text-align: center;\">Nosso trabalho<\/h1>\n<p>Nosso trabalho se concentra em quatro \u00e1reas principais de impacto: fluxo livre dos rios, participa\u00e7\u00e3o c\u00edvica, corredores bioculturais e promo\u00e7\u00e3o da agroecologia.<\/p>\n<p>Juntas, essas \u00e1reas de impacto constroem um futuro resiliente para a natureza e para as pessoas. Entre outras a\u00e7\u00f5es, j\u00e1 instalamos sistemas de monitoramento em 31 rios, capacitamos centenas de agricultores em m\u00e9todos agroecol\u00f3gicos, iniciamos o trabalho em mais de 10 corredores bioculturais e organizamos mais de 50 campanhas para conscientizar e envolver as comunidades na restaura\u00e7\u00e3o e prote\u00e7\u00e3o da Bacia do Prata.<\/p>\n<p>[\/et_pb_text][\/et_pb_column][\/et_pb_row][\/et_pb_section][et_pb_section fb_built=&#8221;1&#8243; _builder_version=&#8221;4.27.2&#8243; _module_preset=&#8221;default&#8221; background_color=&#8221;#d9ecf8&#8243; custom_padding=&#8221;50px||50px||true|false&#8221; global_colors_info=&#8221;{}&#8221;][et_pb_row module_class=&#8221;theme-row&#8221; _builder_version=&#8221;4.16&#8243; _module_preset=&#8221;default&#8221; background_enable_color=&#8221;off&#8221; width=&#8221;100%&#8221; max_width=&#8221;2440px&#8221; module_alignment=&#8221;center&#8221; custom_margin=&#8221;||||false|false&#8221; custom_padding=&#8221;||||false|false&#8221; global_colors_info=&#8221;{}&#8221;][et_pb_column type=&#8221;4_4&#8243; _builder_version=&#8221;4.16&#8243; _module_preset=&#8221;default&#8221; global_colors_info=&#8221;{}&#8221;][et_pb_text _builder_version=&#8221;4.27.2&#8243; _module_preset=&#8221;default&#8221; global_colors_info=&#8221;{}&#8221;]<\/p>\n<h3 style=\"text-align: center;\">\u00c1reas de impacto da iniciativa P\u00e2ntanos sem Fronteiras<\/h3>\n<p>[\/et_pb_text][et_pb_blog posts_number=&#8221;4&#8243; include_categories=&#8221;4&#8243; show_author=&#8221;off&#8221; show_date=&#8221;off&#8221; show_categories=&#8221;off&#8221; show_pagination=&#8221;off&#8221; use_overlay=&#8221;on&#8221; module_class=&#8221;blog-title-over-image&#8221; _builder_version=&#8221;4.16&#8243; _module_preset=&#8221;default&#8221; header_level=&#8221;h3&#8243; header_text_color=&#8221;#FFFFFF&#8221; custom_css_main_element=&#8221;column-count: 4;||column-gap: 40px;&#8221; saved_tabs=&#8221;all&#8221; global_colors_info=&#8221;{}&#8221;][\/et_pb_blog][et_pb_blurb module_class=&#8221;join-our-movement-blurb&#8221; _builder_version=&#8221;4.27.2&#8243; _module_preset=&#8221;default&#8221; background_image=&#8221;https:\/\/humedalessinfronteras.org\/wp-content\/uploads\/\/Join-our-movement-1.svg&#8221; link_option_url=&#8221;https:\/\/humedalessinfronteras.org\/en\/support-us\/&#8221; global_colors_info=&#8221;{}&#8221;]<\/p>\n<p>Junte-se ao nosso movimento!<\/p>\n<p>[\/et_pb_blurb][\/et_pb_column][\/et_pb_row][\/et_pb_section]<\/p>\n","protected":false},"excerpt":{"rendered":"<p>Nosso trabalho Nosso trabalho se concentra em quatro \u00e1reas principais de impacto: fluxo livre dos rios, participa\u00e7\u00e3o c\u00edvica, corredores bioculturais e promo\u00e7\u00e3o da agroecologia. Juntas, essas \u00e1reas de impacto constroem um futuro resiliente para a natureza e para as pessoas. Entre outras a\u00e7\u00f5es, j\u00e1 instalamos sistemas de monitoramento em 31 rios, capacitamos centenas de agricultores [&hellip;]<\/p>\n","protected":false},"author":1,"featured_media":0,"parent":0,"menu_order":2,"comment_status":"closed","ping_status":"closed","template":"","meta":{"_et_pb_use_builder":"on","_et_pb_old_content":"","_et_gb_content_width":"","inline_featured_image":false,"footnotes":"","_links_to":"","_links_to_target":""},"categories":[],"tags":[],"class_list":["post-2435","page","type-page","status-publish","hentry"],"_links":{"self":[{"href":"https:\/\/humedalessinfronteras.org\/pt-br\/wp-json\/wp\/v2\/pages\/2435"}],"collection":[{"href":"https:\/\/humedalessinfronteras.org\/pt-br\/wp-json\/wp\/v2\/pages"}],"about":[{"href":"https:\/\/humedalessinfronteras.org\/pt-br\/wp-json\/wp\/v2\/types\/page"}],"author":[{"embeddable":true,"href":"https:\/\/humedalessinfronteras.org\/pt-br\/wp-json\/wp\/v2\/users\/1"}],"replies":[{"embeddable":true,"href":"https:\/\/humedalessinfronteras.org\/pt-br\/wp-json\/wp\/v2\/comments?post=2435"}],"version-history":[{"count":5,"href":"https:\/\/humedalessinfronteras.org\/pt-br\/wp-json\/wp\/v2\/pages\/2435\/revisions"}],"predecessor-version":[{"id":2705,"href":"https:\/\/humedalessinfronteras.org\/pt-br\/wp-json\/wp\/v2\/pages\/2435\/revisions\/2705"}],"wp:attachment":[{"href":"https:\/\/humedalessinfronteras.org\/pt-br\/wp-json\/wp\/v2\/media?parent=2435"}],"wp:term":[{"taxonomy":"category","embeddable":true,"href":"https:\/\/humedalessinfronteras.org\/pt-br\/wp-json\/wp\/v2\/categories?post=2435"},{"taxonomy":"post_tag","embeddable":true,"href":"https:\/\/humedalessinfronteras.org\/pt-br\/wp-json\/wp\/v2\/tags?post=2435"}],"curies":[{"name":"wp","href":"https:\/\/api.w.org\/{rel}","templated":true}]}}