{"id":2433,"date":"2025-08-05T13:19:31","date_gmt":"2025-08-05T13:19:31","guid":{"rendered":"https:\/\/humedalessinfronteras.org\/?page_id=2433"},"modified":"2025-11-10T11:20:27","modified_gmt":"2025-11-10T11:20:27","slug":"a-bacia-do-prata","status":"publish","type":"page","link":"https:\/\/humedalessinfronteras.org\/pt-br\/a-bacia-do-prata\/","title":{"rendered":"A Bacia do Prata"},"content":{"rendered":"<p>[et_pb_section fb_built=&#8221;1&#8243; module_id=&#8221;main-content&#8221; _builder_version=&#8221;4.27.2&#8243; _module_preset=&#8221;default&#8221; background_color=&#8221;#d9ecf8&#8243; custom_margin=&#8221;||||false|false&#8221; custom_padding=&#8221;||||false|false&#8221; locked=&#8221;off&#8221; global_colors_info=&#8221;{}&#8221;][et_pb_row _builder_version=&#8221;4.27.2&#8243; _module_preset=&#8221;default&#8221; background_enable_image=&#8221;off&#8221; width=&#8221;100%&#8221; max_width=&#8221;913px&#8221; custom_margin=&#8221;0px||0px||false|false&#8221; custom_padding=&#8221;0px|0px|0px|0px|false|false&#8221; background_last_edited=&#8221;off|desktop&#8221; background_image_phone=&#8221;https:\/\/humedalessinfronteras.org\/wp-content\/uploads\/2021\/12\/La_Plata_Basin_01_1200x672px.jpg&#8221; background_enable_image_phone=&#8221;on&#8221; global_colors_info=&#8221;{}&#8221;][et_pb_column type=&#8221;4_4&#8243; _builder_version=&#8221;4.16&#8243; _module_preset=&#8221;default&#8221; global_colors_info=&#8221;{}&#8221;][et_pb_image src=&#8221;https:\/\/humedalessinfronteras.org\/wp-content\/uploads\/2024\/11\/Wetlands-without-borders-landscape-water-mountains-hazy-day-913-1.jpg&#8221; title_text=&#8221;Wetlands-without-borders-landscape-water-mountains-hazy-day-913&#8243; _builder_version=&#8221;4.27.2&#8243; _module_preset=&#8221;default&#8221; global_colors_info=&#8221;{}&#8221;][\/et_pb_image][\/et_pb_column][\/et_pb_row][et_pb_row _builder_version=&#8221;4.27.2&#8243; _module_preset=&#8221;default&#8221; max_width=&#8221;750px&#8221; global_colors_info=&#8221;{}&#8221;][et_pb_column type=&#8221;4_4&#8243; _builder_version=&#8221;4.27.2&#8243; _module_preset=&#8221;default&#8221; global_colors_info=&#8221;{}&#8221;][et_pb_heading title=&#8221;A Bacia do Prata&#8221; _builder_version=&#8221;4.27.2&#8243; _module_preset=&#8221;default&#8221; title_text_align=&#8221;left&#8221; custom_margin=&#8221;0px||0px||false|false&#8221; custom_padding=&#8221;33px||24px||false|false&#8221; global_colors_info=&#8221;{}&#8221;][\/et_pb_heading][et_pb_text _builder_version=&#8221;4.27.2&#8243; _module_preset=&#8221;default&#8221; text_font_size=&#8221;22px&#8221; text_line_height=&#8221;34px&#8221; custom_margin=&#8221;||||false|false&#8221; custom_padding=&#8221;||30px||false|false&#8221; global_colors_info=&#8221;{}&#8221;]<\/p>\n<p>A Bacia do Prata \u00e9 o maior sistema conectado de \u00e1reas alagadas de \u00e1gua doce. \u00c9 rico em biodiversidade e um regulador crucial do clima local e global. Tamb\u00e9m \u00e9 importante para o bem-estar social e econ\u00f4mico de milh\u00f5es de pessoas.<\/p>\n<p>[\/et_pb_text][et_pb_text _builder_version=&#8221;4.27.2&#8243; _module_preset=&#8221;default&#8221; global_colors_info=&#8221;{}&#8221;]<\/p>\n<p>As bacias dos rios Paraguai e Paran\u00e1 percorrem mais de 3.400 quil\u00f4metros do sul-este da Bol\u00edvia e sul de Bras\u00edlia at\u00e9 o estu\u00e1rio do Rio da Prata, perto de Buenos Aires. Esse conjunto recebe o nome de Bacia do Prata. A Bacia do Prata abrange diversas zonas clim\u00e1ticas em uma \u00e1rea de aproximadamente 400.000 quil\u00f4metros quadrados atrav\u00e9s da Argentina, Bol\u00edvia, Brasil, Paraguai e Uruguai. Alberga desde comunidades (ind\u00edgenas) distantes at\u00e9 as maiores cidades da regi\u00e3o, incluindo as cidades capitais de Asunci\u00f3n, Bras\u00edlia, Buenos Aires e Montevideo.<\/p>\n<h3>Biodiversidade<\/h3>\n<p>A riqueza da biodiversidade da Bacia do Prata \u00e9 alimentada por v\u00e1rios biomas enormes e diversos que convergem no sistema. Entre eles est\u00e3o a Amaz\u00f4nia, o Cerrado, o Grande Chaco, a Mata Atl\u00e2ntica, as Pampas e as savanas \u00famidas subtropicais. Os rios e riachos da Bacia do Prata s\u00e3o abundantes em diversas esp\u00e9cies de peixes. As \u00e1reas de florestas e de pastagens abrigam um grande n\u00famero de p\u00e1ssaros, mam\u00edferos, insetos e r\u00e9pteis. Dentre as extraordin\u00e1rias esp\u00e9cies da regi\u00e3o est\u00e3o a on\u00e7a-pintada, capivara, caim\u00e3o, cervo-do-pantanal, arar\u00e1 azul, jaburu e a maravilhosa borboleta morpho azul.<\/p>\n<h3>Economia local<\/h3>\n<p>A regi\u00e3o da Bacia do Prata \u00e9 \u00fanica pela diversidade social, cultural e econ\u00f4mica. Os biomas da bacia s\u00e3o integrais para as economias locais da regi\u00e3o. Milhares de comunidades locais \u2013 habitantes das florestas, povos de pescadores\/as, produtores\/as de mel e pequenos agricultores \u2013 dependem dos ecossistemas da bacia. A bacia tamb\u00e9m prov\u00ea de alimentos, \u00e1gua pot\u00e1vel e oportunidades econ\u00f4micas a milh\u00f5es de pessoas nas cidades.<\/p>\n<h3>Mitiga\u00e7\u00e3o e adapta\u00e7\u00e3o clim\u00e1tica<\/h3>\n<p>As \u00e1reas alagadas da Bacia do Prata cumprem um papel vital na regula\u00e7\u00e3o dos n\u00edveis da \u00e1gua na regi\u00e3o. Elas atuam como esponjas que capturam \u00e1gua nos per\u00edodos \u00famidos e a liberam durante a seca. Isso \u00e9 de import\u00e2ncia crucial para proteger os habitantes da regi\u00e3o das inunda\u00e7\u00f5es e das secas, especialmente em um momento em que a mudan\u00e7a clim\u00e1tica est\u00e1 alterando profundamente o regime de chuvas.<\/p>\n<p>As \u00e1reas alagadas e as florestas da regi\u00e3o servem tamb\u00e9m como inestim\u00e1veis sumidouros de carbono. Quando uma \u00e1rea alagada seca ou uma floresta \u00e9 desmatada, enormes quantidades de CO2 s\u00e3o liberadas \u00e0 atmosfera, o que acelera o aquecimento global e altera o clima local, os cursos de \u00e1gua e a sa\u00fade do solo.<\/p>\n<h3>Amea\u00e7as contra as \u00e1reas alagadas e ecossistemas da Bacia do Prata<\/h3>\n<p>A Bacia do Prata enfrenta desafios sociais significativos, incluindo altos n\u00edveis de pobreza e desigualdade, bem como o deterioro crescente dos fr\u00e1geis ecossistemas da regi\u00e3o devido \u00e0s mudan\u00e7as nos ciclos de \u00e1gua, inunda\u00e7\u00f5es, secas e, cada vez com maior frequ\u00eancia, o fogo. Essas mudan\u00e7as s\u00e3o o resultado direto da expans\u00e3o da cria de gado e a agricultura em grande escala, em particular, a produ\u00e7\u00e3o de soja, em conjun\u00e7\u00e3o com a mudan\u00e7a clim\u00e1tica. Os agroneg\u00f3cios v\u00eam junto com projetos de infraestrutura, incluindo novas rodovias, hidrovias, portos e represas hidrel\u00e9tricas que est\u00e3o amea\u00e7ando gravemente os extraordin\u00e1rios ecossistemas da bacia \u2013 as florestas, rios, \u00e1reas alagadas, a flora e a fauna sem igual, e os milh\u00f5es de pessoas que dependem delas.<\/p>\n<h3>Pantanal sem Fronteiras: Preservar a Bacia do Prata<\/h3>\n<p>Preservar a Bacia do Prata, suas fun\u00e7\u00f5es hidrol\u00f3gicas e biodiversidade, \u00e9 essencial para proteger a regi\u00e3o das inunda\u00e7\u00f5es e secas, e preservar a qualidade de vida, incluindo o acesso \u00e0 \u00e1gua pot\u00e1vel e \u00e0 soberania alimentar dos habitantes. Pantanal sem Fronteiras visa preservar e restabelecer a Bacia do Prata e promover o desenvolvimento sustent\u00e1vel da regi\u00e3o.<\/p>\n<p>&nbsp;<\/p>\n<p>&nbsp;<\/p>\n<p>[\/et_pb_text][\/et_pb_column][\/et_pb_row][et_pb_row _builder_version=&#8221;4.27.2&#8243; _module_preset=&#8221;default&#8221; max_width=&#8221;750px&#8221; global_colors_info=&#8221;{}&#8221;][et_pb_column type=&#8221;4_4&#8243; _builder_version=&#8221;4.27.2&#8243; _module_preset=&#8221;default&#8221; global_colors_info=&#8221;{}&#8221;][\/et_pb_column][\/et_pb_row][\/et_pb_section]<\/p>\n","protected":false},"excerpt":{"rendered":"<p>A Bacia do Prata \u00e9 o maior sistema conectado de \u00e1reas alagadas de \u00e1gua doce. \u00c9 rico em biodiversidade e um regulador crucial do clima local e global. Tamb\u00e9m \u00e9 importante para o bem-estar social e econ\u00f4mico de milh\u00f5es de pessoas.As bacias dos rios Paraguai e Paran\u00e1 percorrem mais de 3.400 quil\u00f4metros do sul-este da [&hellip;]<\/p>\n","protected":false},"author":1,"featured_media":842,"parent":0,"menu_order":0,"comment_status":"closed","ping_status":"closed","template":"","meta":{"_et_pb_use_builder":"on","_et_pb_old_content":"","_et_gb_content_width":"","inline_featured_image":false,"footnotes":"","_links_to":"","_links_to_target":""},"categories":[],"tags":[],"class_list":["post-2433","page","type-page","status-publish","has-post-thumbnail","hentry"],"_links":{"self":[{"href":"https:\/\/humedalessinfronteras.org\/pt-br\/wp-json\/wp\/v2\/pages\/2433"}],"collection":[{"href":"https:\/\/humedalessinfronteras.org\/pt-br\/wp-json\/wp\/v2\/pages"}],"about":[{"href":"https:\/\/humedalessinfronteras.org\/pt-br\/wp-json\/wp\/v2\/types\/page"}],"author":[{"embeddable":true,"href":"https:\/\/humedalessinfronteras.org\/pt-br\/wp-json\/wp\/v2\/users\/1"}],"replies":[{"embeddable":true,"href":"https:\/\/humedalessinfronteras.org\/pt-br\/wp-json\/wp\/v2\/comments?post=2433"}],"version-history":[{"count":5,"href":"https:\/\/humedalessinfronteras.org\/pt-br\/wp-json\/wp\/v2\/pages\/2433\/revisions"}],"predecessor-version":[{"id":2707,"href":"https:\/\/humedalessinfronteras.org\/pt-br\/wp-json\/wp\/v2\/pages\/2433\/revisions\/2707"}],"wp:featuredmedia":[{"embeddable":true,"href":"https:\/\/humedalessinfronteras.org\/pt-br\/wp-json\/wp\/v2\/media\/842"}],"wp:attachment":[{"href":"https:\/\/humedalessinfronteras.org\/pt-br\/wp-json\/wp\/v2\/media?parent=2433"}],"wp:term":[{"taxonomy":"category","embeddable":true,"href":"https:\/\/humedalessinfronteras.org\/pt-br\/wp-json\/wp\/v2\/categories?post=2433"},{"taxonomy":"post_tag","embeddable":true,"href":"https:\/\/humedalessinfronteras.org\/pt-br\/wp-json\/wp\/v2\/tags?post=2433"}],"curies":[{"name":"wp","href":"https:\/\/api.w.org\/{rel}","templated":true}]}}