{"id":2427,"date":"2025-08-05T13:18:07","date_gmt":"2025-08-05T13:18:07","guid":{"rendered":"https:\/\/humedalessinfronteras.org\/?page_id=2427"},"modified":"2025-11-10T11:36:32","modified_gmt":"2025-11-10T11:36:32","slug":"apoie-nos","status":"publish","type":"page","link":"https:\/\/humedalessinfronteras.org\/pt-br\/apoie-nos\/","title":{"rendered":"Apoie-nos"},"content":{"rendered":"<p>[et_pb_section fb_built=&#8221;1&#8243; _builder_version=&#8221;4.16&#8243; _module_preset=&#8221;default&#8221; custom_margin=&#8221;0px|0px|0px|0px|false|false&#8221; custom_padding=&#8221;0px|0px|0px|0px|false|false&#8221; locked=&#8221;off&#8221; global_colors_info=&#8221;{}&#8221;][et_pb_row _builder_version=&#8221;4.27.2&#8243; _module_preset=&#8221;default&#8221; background_image=&#8221;https:\/\/humedalessinfronteras.org\/wp-content\/uploads\/2024\/11\/Wetlands-without-borders-landscape-woman-child.jpg&#8221; width=&#8221;100%&#8221; max_width=&#8221;100%&#8221; height=&#8221;27vw&#8221; custom_margin=&#8221;0px|0px|0px|0px|false|false&#8221; custom_padding=&#8221;0px|0px|0px|0px|false|false&#8221; background_last_edited=&#8221;on|phone&#8221; background_image_phone=&#8221;https:\/\/humedalessinfronteras.org\/wp-content\/uploads\/2021\/12\/News_01_1200x672px.jpg&#8221; background_enable_image_phone=&#8221;on&#8221; global_colors_info=&#8221;{}&#8221;][et_pb_column type=&#8221;4_4&#8243; _builder_version=&#8221;4.16&#8243; _module_preset=&#8221;default&#8221; global_colors_info=&#8221;{}&#8221;][\/et_pb_column][\/et_pb_row][\/et_pb_section][et_pb_section fb_built=&#8221;1&#8243; module_class=&#8221;blue-page-intro&#8221; _builder_version=&#8221;4.27.2&#8243; _module_preset=&#8221;default&#8221; background_color=&#8221;RGBA(255,255,255,0)&#8221; locked=&#8221;off&#8221; global_colors_info=&#8221;{}&#8221;][et_pb_row _builder_version=&#8221;4.27.2&#8243; _module_preset=&#8221;default&#8221; global_colors_info=&#8221;{}&#8221;][et_pb_column type=&#8221;4_4&#8243; _builder_version=&#8221;4.27.2&#8243; _module_preset=&#8221;default&#8221; global_colors_info=&#8221;{}&#8221;][et_pb_text _builder_version=&#8221;4.27.2&#8243; _module_preset=&#8221;default&#8221; text_orientation=&#8221;center&#8221; global_colors_info=&#8221;{}&#8221;]<\/p>\n<h2>Apoie-nos<\/h2>\n<p>Gra\u00e7as ao apoio inestim\u00e1vel dos nossos financiadores, tanto passados como presentes, a nossa coaliz\u00e3o de organiza\u00e7\u00f5es floresceu e tornou-se na rede impactante que \u00e9 hoje. Juntos, estamos dando passos significativos na prote\u00e7\u00e3o e restaura\u00e7\u00e3o da sa\u00fade da Bacia do Rio Prata.<\/p>\n<p>Caso tenha interesse em apoiar este importante trabalho, entre em contato com Eva Schmitz, coordenadora da rede Pantanal sem Fronteiras, pelo e-mail <br \/>e.schmitz @ bothends.org para explorar como podemos colaborar de forma eficaz.<\/p>\n<p>[\/et_pb_text][\/et_pb_column][\/et_pb_row][\/et_pb_section]<\/p>\n","protected":false},"excerpt":{"rendered":"<p>Apoie-nos Gra\u00e7as ao apoio inestim\u00e1vel dos nossos financiadores, tanto passados como presentes, a nossa coaliz\u00e3o de organiza\u00e7\u00f5es floresceu e tornou-se na rede impactante que \u00e9 hoje. Juntos, estamos dando passos significativos na prote\u00e7\u00e3o e restaura\u00e7\u00e3o da sa\u00fade da Bacia do Rio Prata. Caso tenha interesse em apoiar este importante trabalho, entre em contato com Eva [&hellip;]<\/p>\n","protected":false},"author":1,"featured_media":0,"parent":0,"menu_order":0,"comment_status":"closed","ping_status":"closed","template":"","meta":{"_et_pb_use_builder":"on","_et_pb_old_content":"","_et_gb_content_width":"","inline_featured_image":false,"footnotes":"","_links_to":"","_links_to_target":""},"categories":[],"tags":[],"class_list":["post-2427","page","type-page","status-publish","hentry"],"_links":{"self":[{"href":"https:\/\/humedalessinfronteras.org\/pt-br\/wp-json\/wp\/v2\/pages\/2427"}],"collection":[{"href":"https:\/\/humedalessinfronteras.org\/pt-br\/wp-json\/wp\/v2\/pages"}],"about":[{"href":"https:\/\/humedalessinfronteras.org\/pt-br\/wp-json\/wp\/v2\/types\/page"}],"author":[{"embeddable":true,"href":"https:\/\/humedalessinfronteras.org\/pt-br\/wp-json\/wp\/v2\/users\/1"}],"replies":[{"embeddable":true,"href":"https:\/\/humedalessinfronteras.org\/pt-br\/wp-json\/wp\/v2\/comments?post=2427"}],"version-history":[{"count":3,"href":"https:\/\/humedalessinfronteras.org\/pt-br\/wp-json\/wp\/v2\/pages\/2427\/revisions"}],"predecessor-version":[{"id":2716,"href":"https:\/\/humedalessinfronteras.org\/pt-br\/wp-json\/wp\/v2\/pages\/2427\/revisions\/2716"}],"wp:attachment":[{"href":"https:\/\/humedalessinfronteras.org\/pt-br\/wp-json\/wp\/v2\/media?parent=2427"}],"wp:term":[{"taxonomy":"category","embeddable":true,"href":"https:\/\/humedalessinfronteras.org\/pt-br\/wp-json\/wp\/v2\/categories?post=2427"},{"taxonomy":"post_tag","embeddable":true,"href":"https:\/\/humedalessinfronteras.org\/pt-br\/wp-json\/wp\/v2\/tags?post=2427"}],"curies":[{"name":"wp","href":"https:\/\/api.w.org\/{rel}","templated":true}]}}