{"id":2451,"date":"2025-08-05T13:21:47","date_gmt":"2025-08-05T13:21:47","guid":{"rendered":"https:\/\/humedalessinfronteras.org\/?page_id=2451"},"modified":"2025-10-30T11:12:39","modified_gmt":"2025-10-30T11:12:39","slug":"historias","status":"publish","type":"page","link":"https:\/\/humedalessinfronteras.org\/es\/historias\/","title":{"rendered":"Historias"},"content":{"rendered":"<p>[et_pb_section fb_built=\u00bb1&#8243; _builder_version=\u00bb4.16&#8243; _module_preset=\u00bbdefault\u00bb custom_margin=\u00bb0px|0px|0px|0px|false|false\u00bb custom_padding=\u00bb0px|0px|0px|0px|false|false\u00bb global_colors_info=\u00bb{}\u00bb][et_pb_row _builder_version=\u00bb4.27.2&#8243; _module_preset=\u00bbdefault\u00bb background_image=\u00bbhttps:\/\/humedalessinfronteras.org\/wp-content\/uploads\/2024\/11\/Wetlands-without-borders-26-group-of-women-cooking.jpg\u00bb width=\u00bb100%\u00bb max_width=\u00bb100%\u00bb height=\u00bb27vw\u00bb custom_margin=\u00bb0px|0px|0px|0px|false|false\u00bb custom_padding=\u00bb0px|0px|0px|0px|false|false\u00bb background_last_edited=\u00bboff|desktop\u00bb background_image_phone=\u00bbhttps:\/\/humedalessinfronteras.org\/wp-content\/uploads\/2021\/12\/News_01_1200x672px.jpg\u00bb background_enable_image_phone=\u00bbon\u00bb global_colors_info=\u00bb{}\u00bb][et_pb_column type=\u00bb4_4&#8243; _builder_version=\u00bb4.16&#8243; _module_preset=\u00bbdefault\u00bb global_colors_info=\u00bb{}\u00bb][\/et_pb_column][\/et_pb_row][\/et_pb_section][et_pb_section fb_built=\u00bb1&#8243; module_class=\u00bbblue-page-intro\u00bb _builder_version=\u00bb4.27.2&#8243; _module_preset=\u00bbdefault\u00bb background_color=\u00bbRGBA(255,255,255,0)\u00bb locked=\u00bboff\u00bb global_colors_info=\u00bb{}\u00bb][et_pb_row _builder_version=\u00bb4.27.2&#8243; _module_preset=\u00bbdefault\u00bb global_colors_info=\u00bb{}\u00bb][et_pb_column type=\u00bb4_4&#8243; _builder_version=\u00bb4.27.2&#8243; _module_preset=\u00bbdefault\u00bb global_colors_info=\u00bb{}\u00bb][et_pb_text _builder_version=\u00bb4.27.2&#8243; _module_preset=\u00bbdefault\u00bb text_orientation=\u00bbcenter\u00bb global_colors_info=\u00bb{}\u00bb]<\/p>\n<h2 style=\"text-align: center;\">Nuestras historias<\/h2>\n<h3>Las comunidades se unen para la protecci\u00f3n de la Cuenca<\/h3>\n<p>\u00bfCu\u00e1l es el impacto de la iniciativa Humedales sin Fronteras? A trav\u00e9s de nuestras historias, descubrir\u00e1s c\u00f3mo se protegen y restauran las comunidades locales, los ecosistemas y la vida silvestre. Desde detener proyectos destructivos hasta empoderar las voces locales, cada historia destaca los esfuerzos para salvaguardar los humedales y r\u00edos vitales de la Cuenca del R\u00edo de la Plata.<\/p>\n<p>[\/et_pb_text][\/et_pb_column][\/et_pb_row][\/et_pb_section][et_pb_section fb_built=\u00bb1&#8243; _builder_version=\u00bb4.27.2&#8243; _module_preset=\u00bbdefault\u00bb background_color=\u00bb#d9ecf8&#8243; custom_padding=\u00bb20px||20px||false|false\u00bb global_colors_info=\u00bb{}\u00bb][et_pb_row _builder_version=\u00bb4.16&#8243; _module_preset=\u00bbdefault\u00bb global_colors_info=\u00bb{}\u00bb][et_pb_column type=\u00bb4_4&#8243; _builder_version=\u00bb4.16&#8243; _module_preset=\u00bbdefault\u00bb global_colors_info=\u00bb{}\u00bb][et_pb_blog posts_number=\u00bb20&#8243; include_categories=\u00bb49&#8243; excerpt_length=\u00bb500&#8243; show_more=\u00bbon\u00bb show_author=\u00bboff\u00bb show_date=\u00bboff\u00bb show_categories=\u00bboff\u00bb show_excerpt=\u00bboff\u00bb module_class=\u00bbblog-stories\u00bb _builder_version=\u00bb4.27.2&#8243; _module_preset=\u00bbdefault\u00bb header_level=\u00bbh4&#8243; global_colors_info=\u00bb{}\u00bb][\/et_pb_blog][\/et_pb_column][\/et_pb_row][et_pb_row _builder_version=\u00bb4.27.2&#8243; _module_preset=\u00bbdefault\u00bb global_colors_info=\u00bb{}\u00bb][et_pb_column type=\u00bb4_4&#8243; _builder_version=\u00bb4.27.2&#8243; _module_preset=\u00bbdefault\u00bb global_colors_info=\u00bb{}\u00bb][et_pb_text _builder_version=\u00bb4.27.2&#8243; _module_preset=\u00bbdefault\u00bb text_orientation=\u00bbcenter\u00bb global_colors_info=\u00bb{}\u00bb]<\/p>\n<h2 style=\"text-align: center;\">Nuestros videos<\/h2>\n<p>[\/et_pb_text][\/et_pb_column][\/et_pb_row][et_pb_row column_structure=\u00bb1_3,1_3,1_3&#8243; _builder_version=\u00bb4.16&#8243; _module_preset=\u00bbdefault\u00bb global_colors_info=\u00bb{}\u00bb][et_pb_column type=\u00bb1_3&#8243; _builder_version=\u00bb4.16&#8243; _module_preset=\u00bbdefault\u00bb global_colors_info=\u00bb{}\u00bb][et_pb_video src=\u00bbhttps:\/\/www.youtube.com\/watch?v=rknDyGv3_fY&#038;list=PL5uhyKIpdX28-YY-WXAGkH1GewK8xwZVs&#038;index=1&#8243; _builder_version=\u00bb4.27.2&#8243; _module_preset=\u00bbdefault\u00bb global_colors_info=\u00bb{}\u00bb][\/et_pb_video][et_pb_video src=\u00bbhttps:\/\/www.youtube.com\/watch?v=R7BYGjNHudo&#038;list=PL5uhyKIpdX28-YY-WXAGkH1GewK8xwZVs&#038;index=4&#8243; _builder_version=\u00bb4.27.2&#8243; _module_preset=\u00bbdefault\u00bb global_colors_info=\u00bb{}\u00bb][\/et_pb_video][\/et_pb_column][et_pb_column type=\u00bb1_3&#8243; _builder_version=\u00bb4.16&#8243; _module_preset=\u00bbdefault\u00bb global_colors_info=\u00bb{}\u00bb][et_pb_video src=\u00bbhttps:\/\/www.youtube.com\/watch?v=j5kBIIeqsxc&#038;list=PL5uhyKIpdX28-YY-WXAGkH1GewK8xwZVs&#038;index=2&#8243; _builder_version=\u00bb4.27.2&#8243; _module_preset=\u00bbdefault\u00bb global_colors_info=\u00bb{}\u00bb][\/et_pb_video][et_pb_video src=\u00bbhttps:\/\/www.youtube.com\/watch?v=IQXxEO1gcvY&#038;list=PL5uhyKIpdX28-YY-WXAGkH1GewK8xwZVs&#038;index=5&#8243; _builder_version=\u00bb4.27.2&#8243; _module_preset=\u00bbdefault\u00bb global_colors_info=\u00bb{}\u00bb][\/et_pb_video][\/et_pb_column][et_pb_column type=\u00bb1_3&#8243; _builder_version=\u00bb4.16&#8243; _module_preset=\u00bbdefault\u00bb global_colors_info=\u00bb{}\u00bb][et_pb_video src=\u00bbhttps:\/\/www.youtube.com\/watch?v=W6OgxVt887Q&#038;list=PL5uhyKIpdX28-YY-WXAGkH1GewK8xwZVs&#038;index=3&#8243; _builder_version=\u00bb4.27.2&#8243; _module_preset=\u00bbdefault\u00bb global_colors_info=\u00bb{}\u00bb][\/et_pb_video][\/et_pb_column][\/et_pb_row][\/et_pb_section]<\/p>\n","protected":false},"excerpt":{"rendered":"<p>Nuestras historias Las comunidades se unen para la protecci\u00f3n de la Cuenca \u00bfCu\u00e1l es el impacto de la iniciativa Humedales sin Fronteras? A trav\u00e9s de nuestras historias, descubrir\u00e1s c\u00f3mo se protegen y restauran las comunidades locales, los ecosistemas y la vida silvestre. Desde detener proyectos destructivos hasta empoderar las voces locales, cada historia destaca los [&hellip;]<\/p>\n","protected":false},"author":1,"featured_media":0,"parent":0,"menu_order":4,"comment_status":"closed","ping_status":"closed","template":"","meta":{"_et_pb_use_builder":"on","_et_pb_old_content":"","_et_gb_content_width":"","inline_featured_image":false,"footnotes":"","_links_to":"","_links_to_target":""},"categories":[],"tags":[],"class_list":["post-2451","page","type-page","status-publish","hentry"],"_links":{"self":[{"href":"https:\/\/humedalessinfronteras.org\/es\/wp-json\/wp\/v2\/pages\/2451"}],"collection":[{"href":"https:\/\/humedalessinfronteras.org\/es\/wp-json\/wp\/v2\/pages"}],"about":[{"href":"https:\/\/humedalessinfronteras.org\/es\/wp-json\/wp\/v2\/types\/page"}],"author":[{"embeddable":true,"href":"https:\/\/humedalessinfronteras.org\/es\/wp-json\/wp\/v2\/users\/1"}],"replies":[{"embeddable":true,"href":"https:\/\/humedalessinfronteras.org\/es\/wp-json\/wp\/v2\/comments?post=2451"}],"version-history":[{"count":4,"href":"https:\/\/humedalessinfronteras.org\/es\/wp-json\/wp\/v2\/pages\/2451\/revisions"}],"predecessor-version":[{"id":2683,"href":"https:\/\/humedalessinfronteras.org\/es\/wp-json\/wp\/v2\/pages\/2451\/revisions\/2683"}],"wp:attachment":[{"href":"https:\/\/humedalessinfronteras.org\/es\/wp-json\/wp\/v2\/media?parent=2451"}],"wp:term":[{"taxonomy":"category","embeddable":true,"href":"https:\/\/humedalessinfronteras.org\/es\/wp-json\/wp\/v2\/categories?post=2451"},{"taxonomy":"post_tag","embeddable":true,"href":"https:\/\/humedalessinfronteras.org\/es\/wp-json\/wp\/v2\/tags?post=2451"}],"curies":[{"name":"wp","href":"https:\/\/api.w.org\/{rel}","templated":true}]}}