{"id":2449,"date":"2025-08-05T13:21:32","date_gmt":"2025-08-05T13:21:32","guid":{"rendered":"https:\/\/humedalessinfronteras.org\/?page_id=2449"},"modified":"2025-10-24T13:17:08","modified_gmt":"2025-10-24T13:17:08","slug":"nuestro-trabajo","status":"publish","type":"page","link":"https:\/\/humedalessinfronteras.org\/es\/nuestro-trabajo\/","title":{"rendered":"Nuestro trabajo"},"content":{"rendered":"<p>[et_pb_section fb_built=\u00bb1&#8243; _builder_version=\u00bb4.16&#8243; _module_preset=\u00bbdefault\u00bb custom_margin=\u00bb0px|0px|0px|0px|false|false\u00bb custom_padding=\u00bb0px|0px|0px|0px|false|false\u00bb global_colors_info=\u00bb{}\u00bb][et_pb_row _builder_version=\u00bb4.27.2&#8243; _module_preset=\u00bbdefault\u00bb background_image=\u00bbhttps:\/\/humedalessinfronteras.org\/wp-content\/uploads\/2024\/11\/Wetlands-without-borders-water-bird.jpg\u00bb width=\u00bb100%\u00bb max_width=\u00bb100%\u00bb height=\u00bb27vw\u00bb custom_margin=\u00bb0px|0px|0px|0px|false|false\u00bb custom_padding=\u00bb0px|0px|0px|0px|false|false\u00bb global_colors_info=\u00bb{}\u00bb][et_pb_column type=\u00bb4_4&#8243; _builder_version=\u00bb4.16&#8243; _module_preset=\u00bbdefault\u00bb global_colors_info=\u00bb{}\u00bb][\/et_pb_column][\/et_pb_row][\/et_pb_section][et_pb_section fb_built=\u00bb1&#8243; module_class=\u00bbblue-page-intro\u00bb _builder_version=\u00bb4.27.2&#8243; _module_preset=\u00bbdefault\u00bb background_color=\u00bbRGBA(255,255,255,0)\u00bb global_colors_info=\u00bb{}\u00bb][et_pb_row _builder_version=\u00bb4.27.2&#8243; _module_preset=\u00bbdefault\u00bb global_colors_info=\u00bb{}\u00bb][et_pb_column type=\u00bb4_4&#8243; _builder_version=\u00bb4.27.2&#8243; _module_preset=\u00bbdefault\u00bb global_colors_info=\u00bb{}\u00bb][et_pb_text _builder_version=\u00bb4.27.2&#8243; _module_preset=\u00bbdefault\u00bb text_orientation=\u00bbcenter\u00bb global_colors_info=\u00bb{}\u00bb]<\/p>\n<h1 style=\"text-align: center;\">Nuestro trabajo<\/h1>\n<p>Nuestro trabajo se centra en cuatro \u00e1reas clave: r\u00edos liberes, participaci\u00f3n c\u00edvica, corredores bioculturales y promoci\u00f3n de la agroecolog\u00eda .<\/p>\n<p>Estas \u00e1reas de impacto construyen un futuro resiliente para la naturaleza y las personas. Entre otras cosas, ya hemos instalado sistemas de monitoreo en 31 r\u00edos, capacitado a cientos de agricultores en m\u00e9todos agroecol\u00f3gicos, comenzado a trabajar en m\u00e1s de 10 corredores bioculturales y organizado m\u00e1s de 50 campa\u00f1as para sensibilizar e involucrar a las comunidades en la restauraci\u00f3n y protecci\u00f3n de la Cuenca del R\u00edo de la Plata.<\/p>\n<p>[\/et_pb_text][\/et_pb_column][\/et_pb_row][\/et_pb_section][et_pb_section fb_built=\u00bb1&#8243; _builder_version=\u00bb4.27.2&#8243; _module_preset=\u00bbdefault\u00bb background_color=\u00bb#d9ecf8&#8243; custom_padding=\u00bb50px||50px||true|false\u00bb global_colors_info=\u00bb{}\u00bb][et_pb_row module_class=\u00bbtheme-row\u00bb _builder_version=\u00bb4.16&#8243; _module_preset=\u00bbdefault\u00bb background_enable_color=\u00bboff\u00bb width=\u00bb100%\u00bb max_width=\u00bb2440px\u00bb module_alignment=\u00bbcenter\u00bb custom_margin=\u00bb||||false|false\u00bb custom_padding=\u00bb||||false|false\u00bb global_colors_info=\u00bb{}\u00bb][et_pb_column type=\u00bb4_4&#8243; _builder_version=\u00bb4.16&#8243; _module_preset=\u00bbdefault\u00bb global_colors_info=\u00bb{}\u00bb][et_pb_text _builder_version=\u00bb4.27.2&#8243; _module_preset=\u00bbdefault\u00bb global_colors_info=\u00bb{}\u00bb]<\/p>\n<h3 style=\"text-align: center;\">\u00c1reas de impacto de la iniciativa Humedales sin Fronteras<\/h3>\n<p>[\/et_pb_text][et_pb_blog posts_number=\u00bb4&#8243; include_categories=\u00bb4&#8243; show_author=\u00bboff\u00bb show_date=\u00bboff\u00bb show_categories=\u00bboff\u00bb show_pagination=\u00bboff\u00bb use_overlay=\u00bbon\u00bb module_class=\u00bbblog-title-over-image\u00bb _builder_version=\u00bb4.16&#8243; _module_preset=\u00bbdefault\u00bb header_level=\u00bbh3&#8243; header_text_color=\u00bb#FFFFFF\u00bb custom_css_main_element=\u00bbcolumn-count: 4;||column-gap: 40px;\u00bb saved_tabs=\u00bball\u00bb global_colors_info=\u00bb{}\u00bb][\/et_pb_blog][et_pb_blurb module_class=\u00bbjoin-our-movement-blurb\u00bb _builder_version=\u00bb4.27.2&#8243; _module_preset=\u00bbdefault\u00bb background_image=\u00bbhttps:\/\/humedalessinfronteras.org\/wp-content\/uploads\/\/Join-our-movement-1.svg\u00bb link_option_url=\u00bbhttps:\/\/humedalessinfronteras.org\/en\/support-us\/\u00bb global_colors_info=\u00bb{}\u00bb]<\/p>\n<p>\u00a1\u00danete al movimiento!<\/p>\n<p>[\/et_pb_blurb][\/et_pb_column][\/et_pb_row][\/et_pb_section]<\/p>\n","protected":false},"excerpt":{"rendered":"<p>Nuestro trabajo Nuestro trabajo se centra en cuatro \u00e1reas clave: r\u00edos liberes, participaci\u00f3n c\u00edvica, corredores bioculturales y promoci\u00f3n de la agroecolog\u00eda . Estas \u00e1reas de impacto construyen un futuro resiliente para la naturaleza y las personas. Entre otras cosas, ya hemos instalado sistemas de monitoreo en 31 r\u00edos, capacitado a cientos de agricultores en m\u00e9todos [&hellip;]<\/p>\n","protected":false},"author":1,"featured_media":0,"parent":0,"menu_order":2,"comment_status":"closed","ping_status":"closed","template":"","meta":{"_et_pb_use_builder":"on","_et_pb_old_content":"","_et_gb_content_width":"","inline_featured_image":false,"footnotes":"","_links_to":"","_links_to_target":""},"categories":[],"tags":[],"class_list":["post-2449","page","type-page","status-publish","hentry"],"_links":{"self":[{"href":"https:\/\/humedalessinfronteras.org\/es\/wp-json\/wp\/v2\/pages\/2449"}],"collection":[{"href":"https:\/\/humedalessinfronteras.org\/es\/wp-json\/wp\/v2\/pages"}],"about":[{"href":"https:\/\/humedalessinfronteras.org\/es\/wp-json\/wp\/v2\/types\/page"}],"author":[{"embeddable":true,"href":"https:\/\/humedalessinfronteras.org\/es\/wp-json\/wp\/v2\/users\/1"}],"replies":[{"embeddable":true,"href":"https:\/\/humedalessinfronteras.org\/es\/wp-json\/wp\/v2\/comments?post=2449"}],"version-history":[{"count":7,"href":"https:\/\/humedalessinfronteras.org\/es\/wp-json\/wp\/v2\/pages\/2449\/revisions"}],"predecessor-version":[{"id":2610,"href":"https:\/\/humedalessinfronteras.org\/es\/wp-json\/wp\/v2\/pages\/2449\/revisions\/2610"}],"wp:attachment":[{"href":"https:\/\/humedalessinfronteras.org\/es\/wp-json\/wp\/v2\/media?parent=2449"}],"wp:term":[{"taxonomy":"category","embeddable":true,"href":"https:\/\/humedalessinfronteras.org\/es\/wp-json\/wp\/v2\/categories?post=2449"},{"taxonomy":"post_tag","embeddable":true,"href":"https:\/\/humedalessinfronteras.org\/es\/wp-json\/wp\/v2\/tags?post=2449"}],"curies":[{"name":"wp","href":"https:\/\/api.w.org\/{rel}","templated":true}]}}