{"id":2447,"date":"2025-08-05T13:21:22","date_gmt":"2025-08-05T13:21:22","guid":{"rendered":"https:\/\/humedalessinfronteras.org\/?page_id=2447"},"modified":"2025-10-24T13:30:05","modified_gmt":"2025-10-24T13:30:05","slug":"la-cuenca-del-plata","status":"publish","type":"page","link":"https:\/\/humedalessinfronteras.org\/es\/la-cuenca-del-plata\/","title":{"rendered":"La Cuenca del Plata"},"content":{"rendered":"<p>[et_pb_section fb_built=\u00bb1&#8243; module_id=\u00bbmain-content\u00bb _builder_version=\u00bb4.27.2&#8243; _module_preset=\u00bbdefault\u00bb background_color=\u00bb#d9ecf8&#8243; custom_margin=\u00bb||||false|false\u00bb custom_padding=\u00bb||||false|false\u00bb locked=\u00bboff\u00bb global_colors_info=\u00bb{}\u00bb][et_pb_row _builder_version=\u00bb4.27.2&#8243; _module_preset=\u00bbdefault\u00bb background_enable_image=\u00bboff\u00bb width=\u00bb100%\u00bb max_width=\u00bb913px\u00bb custom_margin=\u00bb0px||0px||false|false\u00bb custom_padding=\u00bb0px|0px|0px|0px|false|false\u00bb background_last_edited=\u00bboff|desktop\u00bb background_image_phone=\u00bbhttps:\/\/humedalessinfronteras.org\/wp-content\/uploads\/2021\/12\/La_Plata_Basin_01_1200x672px.jpg\u00bb background_enable_image_phone=\u00bbon\u00bb global_colors_info=\u00bb{}\u00bb][et_pb_column type=\u00bb4_4&#8243; _builder_version=\u00bb4.16&#8243; _module_preset=\u00bbdefault\u00bb global_colors_info=\u00bb{}\u00bb][et_pb_image src=\u00bbhttps:\/\/humedalessinfronteras.org\/wp-content\/uploads\/2024\/11\/Wetlands-without-borders-landscape-water-mountains-hazy-day-913-1.jpg\u00bb title_text=\u00bbWetlands-without-borders-landscape-water-mountains-hazy-day-913&#8243; _builder_version=\u00bb4.27.2&#8243; _module_preset=\u00bbdefault\u00bb global_colors_info=\u00bb{}\u00bb][\/et_pb_image][\/et_pb_column][\/et_pb_row][et_pb_row _builder_version=\u00bb4.27.2&#8243; _module_preset=\u00bbdefault\u00bb max_width=\u00bb750px\u00bb global_colors_info=\u00bb{}\u00bb][et_pb_column type=\u00bb4_4&#8243; _builder_version=\u00bb4.27.2&#8243; _module_preset=\u00bbdefault\u00bb global_colors_info=\u00bb{}\u00bb][et_pb_heading title=\u00bbLa cuenca del Plata\u00bb _builder_version=\u00bb4.27.2&#8243; _module_preset=\u00bbdefault\u00bb title_text_align=\u00bbleft\u00bb custom_margin=\u00bb0px||0px||false|false\u00bb custom_padding=\u00bb33px||24px||false|false\u00bb global_colors_info=\u00bb{}\u00bb][\/et_pb_heading][et_pb_text _builder_version=\u00bb4.27.2&#8243; _module_preset=\u00bbdefault\u00bb text_font_size=\u00bb22px\u00bb text_line_height=\u00bb34px\u00bb custom_margin=\u00bb||||false|false\u00bb custom_padding=\u00bb||30px||false|false\u00bb global_colors_info=\u00bb{}\u00bb]<\/p>\n<p>La cuenca del Plata es el sistema de humedales de agua dulce conectados m\u00e1s grande del mundo. Tiene una gran biodiversidad y es un regulador clave de las condiciones atmosf\u00e9ricas y clim\u00e1ticas locales y globales. Adem\u00e1s, es muy importante para el bienestar social y econ\u00f3mico de millones de personas.<\/p>\n<p>[\/et_pb_text][et_pb_text _builder_version=\u00bb4.27.2&#8243; _module_preset=\u00bbdefault\u00bb global_colors_info=\u00bb{}\u00bb]<\/p>\n<p>Las cuencas hidrogr\u00e1ficas de los r\u00edos Paraguay y Paran\u00e1 se extienden por m\u00e1s de 3.400 kil\u00f3metros desde el sudeste de Bolivia y Brasilia en direcci\u00f3n al sur hacia la boca del r\u00edo de la Plata cerca de Buenos Aires. Juntos, esos r\u00edos forman la cuenca del Plata. La cuenca del Plata abarca zonas clim\u00e1ticas diversas en un \u00e1rea de aproximadamente 400.000 kil\u00f3metros cuadrados compartida por Argentina, Bolivia, Brasil, Paraguay y Uruguay. Es el hogar de muchas comunidades (ind\u00edgenas) remotas y de algunas de las ciudades m\u00e1s grandes de la regi\u00f3n, como las capitales Asunci\u00f3n, Brasilia, Buenos Aires y Montevideo.<\/p>\n<h3>Biodiversidad<\/h3>\n<p>La enorme biodiversidad de la cuenca del Plata proviene de distintos biomas importantes y diversos que convergen en el sistema. Entre ellos se encuentran el Amazonas, el Cerrado, el Gran Chaco, el Bosque Atl\u00e1ntico, las Pampas y las sabanas subtropicales h\u00famedas. Los r\u00edos y los arroyos de la cuenca del Plata abundan en diferentes especies de peces. Las \u00e1reas boscosas y los pastizales albergan muchas aves, mam\u00edferos, insectos y reptiles. Algunas de las muchas especies magn\u00edficas de la regi\u00f3n son el jaguar, el capibara, el caim\u00e1n, el ciervo de los pantanos, el guacamayo jacinto, el jabir\u00fa y la hermosa mariposa morfo azul.<\/p>\n<h3>Econom\u00eda local<\/h3>\n<p>La regi\u00f3n de la cuenca del Plata es \u00fanica por su diversidad social, cultural y econ\u00f3mica. Los biomas de la cuenca son vitales para las econom\u00edas locales de la regi\u00f3n. Miles de comunidades locales, como los habitantes del bosque, los pueblos pescadores, los peque\u00f1os productores\/as agr\u00edcolas y los apicultores\/as, dependen de los ecosistemas de la cuenca. La cuenca tambi\u00e9n provee el alimento, el agua para consumo y las oportunidades econ\u00f3micas a los millones de personas que viven en las ciudades.<\/p>\n<h3>Mitigaci\u00f3n y adaptaci\u00f3n clim\u00e1tica<\/h3>\n<p>Los humedales de la cuenca del Plata cumplen un papel vital en la regulaci\u00f3n de los niveles de agua de la regi\u00f3n. Los humedales son como esponjas y absorben agua en las \u00e9pocas h\u00famedas y la liberan en las \u00e9pocas secas. Esa funci\u00f3n es de esencial importancia para proteger a los habitantes de la regi\u00f3n de inundaciones y sequ\u00eda, sobre todo en un momento en el que el cambio clim\u00e1tico est\u00e1 alterando profundamente los patrones de precipitaci\u00f3n de la regi\u00f3n.<\/p>\n<p>Los humedales y los bosques de la regi\u00f3n tambi\u00e9n son valiosos sumideros de carbono. Cuando se seca un humedal o se tala un bosque, se liberan grandes cantidades de CO2 a la atm\u00f3sfera y se acelera el calentamiento global, adem\u00e1s de que se alteran las condiciones atmosf\u00e9ricas locales, los flujos de agua y la salud del suelo.<\/p>\n<h3>Amenazas para los humedales y ecosistemas de la cuenca del Plata<\/h3>\n<p>La cuenca del Plata enfrenta grandes desaf\u00edos sociales, como los altos niveles de pobreza y desigualdad y un deterioro acelerado de los ecosistemas fr\u00e1giles de la regi\u00f3n a ra\u00edz de los cambios en los ciclos del agua, las inundaciones, las sequ\u00edas y, cada vez con m\u00e1s frecuencia, los incendios. Estos cambios son el resultado directo de la expansi\u00f3n de la actividad ganadera y agr\u00edcola a gran escala, en especial la producci\u00f3n sojera, combinada con el cambio clim\u00e1tico. Los agronegocios est\u00e1n acompa\u00f1ados por proyectos de infraestructura, por ejemplo, nuevas carreteras, v\u00edas navegables, puertos y represas hidroel\u00e9ctricas que est\u00e1n amenazando seriamente a los ecosistemas \u00fanicos de la cuenca: sus bosques, r\u00edos y humedales, su flora y fauna caracter\u00edsticas y los millones de personas que dependen de ellos.<\/p>\n<h3>Humedales sin Fronteras: Preservaci\u00f3n de la cuenca del Plata<\/h3>\n<p>La preservaci\u00f3n de la cuenca del Plata, junto con sus funciones hidrol\u00f3gicas y su biodiversidad, es esencial para proteger a la regi\u00f3n de inundaciones y sequ\u00edas y mantener la calidad de vida de sus habitantes, adem\u00e1s del acceso al agua limpia y a la soberan\u00eda alimentaria. <a href=\"https:\/\/humedalessinfronteras.org\/es\/nuestro-trabajo\/\">Humedales sin Fronteras<\/a> tiene como objetivo la preservaci\u00f3n y restauraci\u00f3n de la cuenca del Plata y promover el desarrollo sostenible en la regi\u00f3n.<\/p>\n<p>&nbsp;<\/p>\n<p>&nbsp;<\/p>\n<p>[\/et_pb_text][\/et_pb_column][\/et_pb_row][et_pb_row _builder_version=\u00bb4.27.2&#8243; _module_preset=\u00bbdefault\u00bb max_width=\u00bb750px\u00bb global_colors_info=\u00bb{}\u00bb][et_pb_column type=\u00bb4_4&#8243; _builder_version=\u00bb4.27.2&#8243; _module_preset=\u00bbdefault\u00bb global_colors_info=\u00bb{}\u00bb][\/et_pb_column][\/et_pb_row][\/et_pb_section]<\/p>\n","protected":false},"excerpt":{"rendered":"<p>La cuenca del Plata es el sistema de humedales de agua dulce conectados m\u00e1s grande del mundo. Tiene una gran biodiversidad y es un regulador clave de las condiciones atmosf\u00e9ricas y clim\u00e1ticas locales y globales. Adem\u00e1s, es muy importante para el bienestar social y econ\u00f3mico de millones de personas.Las cuencas hidrogr\u00e1ficas de los r\u00edos Paraguay [&hellip;]<\/p>\n","protected":false},"author":1,"featured_media":843,"parent":0,"menu_order":0,"comment_status":"closed","ping_status":"closed","template":"","meta":{"_et_pb_use_builder":"on","_et_pb_old_content":"","_et_gb_content_width":"","inline_featured_image":false,"footnotes":"","_links_to":"","_links_to_target":""},"categories":[],"tags":[],"class_list":["post-2447","page","type-page","status-publish","has-post-thumbnail","hentry"],"_links":{"self":[{"href":"https:\/\/humedalessinfronteras.org\/es\/wp-json\/wp\/v2\/pages\/2447"}],"collection":[{"href":"https:\/\/humedalessinfronteras.org\/es\/wp-json\/wp\/v2\/pages"}],"about":[{"href":"https:\/\/humedalessinfronteras.org\/es\/wp-json\/wp\/v2\/types\/page"}],"author":[{"embeddable":true,"href":"https:\/\/humedalessinfronteras.org\/es\/wp-json\/wp\/v2\/users\/1"}],"replies":[{"embeddable":true,"href":"https:\/\/humedalessinfronteras.org\/es\/wp-json\/wp\/v2\/comments?post=2447"}],"version-history":[{"count":4,"href":"https:\/\/humedalessinfronteras.org\/es\/wp-json\/wp\/v2\/pages\/2447\/revisions"}],"predecessor-version":[{"id":2623,"href":"https:\/\/humedalessinfronteras.org\/es\/wp-json\/wp\/v2\/pages\/2447\/revisions\/2623"}],"wp:featuredmedia":[{"embeddable":true,"href":"https:\/\/humedalessinfronteras.org\/es\/wp-json\/wp\/v2\/media\/843"}],"wp:attachment":[{"href":"https:\/\/humedalessinfronteras.org\/es\/wp-json\/wp\/v2\/media?parent=2447"}],"wp:term":[{"taxonomy":"category","embeddable":true,"href":"https:\/\/humedalessinfronteras.org\/es\/wp-json\/wp\/v2\/categories?post=2447"},{"taxonomy":"post_tag","embeddable":true,"href":"https:\/\/humedalessinfronteras.org\/es\/wp-json\/wp\/v2\/tags?post=2447"}],"curies":[{"name":"wp","href":"https:\/\/api.w.org\/{rel}","templated":true}]}}