{"id":2430,"date":"2025-08-05T13:18:43","date_gmt":"2025-08-05T13:18:43","guid":{"rendered":"https:\/\/humedalessinfronteras.org\/?page_id=2430"},"modified":"2025-11-10T11:37:25","modified_gmt":"2025-11-10T11:37:25","slug":"apoyanos","status":"publish","type":"page","link":"https:\/\/humedalessinfronteras.org\/es\/apoyanos\/","title":{"rendered":"Ap\u00f3yanos"},"content":{"rendered":"<p>[et_pb_section fb_built=\u00bb1&#8243; _builder_version=\u00bb4.16&#8243; _module_preset=\u00bbdefault\u00bb custom_margin=\u00bb0px|0px|0px|0px|false|false\u00bb custom_padding=\u00bb0px|0px|0px|0px|false|false\u00bb locked=\u00bboff\u00bb global_colors_info=\u00bb{}\u00bb][et_pb_row _builder_version=\u00bb4.27.2&#8243; _module_preset=\u00bbdefault\u00bb background_image=\u00bbhttps:\/\/humedalessinfronteras.org\/wp-content\/uploads\/2024\/11\/Wetlands-without-borders-landscape-woman-child.jpg\u00bb width=\u00bb100%\u00bb max_width=\u00bb100%\u00bb height=\u00bb27vw\u00bb custom_margin=\u00bb0px|0px|0px|0px|false|false\u00bb custom_padding=\u00bb0px|0px|0px|0px|false|false\u00bb background_last_edited=\u00bbon|phone\u00bb background_image_phone=\u00bbhttps:\/\/humedalessinfronteras.org\/wp-content\/uploads\/2021\/12\/News_01_1200x672px.jpg\u00bb background_enable_image_phone=\u00bbon\u00bb global_colors_info=\u00bb{}\u00bb][et_pb_column type=\u00bb4_4&#8243; _builder_version=\u00bb4.16&#8243; _module_preset=\u00bbdefault\u00bb global_colors_info=\u00bb{}\u00bb][\/et_pb_column][\/et_pb_row][\/et_pb_section][et_pb_section fb_built=\u00bb1&#8243; module_class=\u00bbblue-page-intro\u00bb _builder_version=\u00bb4.27.2&#8243; _module_preset=\u00bbdefault\u00bb background_color=\u00bbRGBA(255,255,255,0)\u00bb locked=\u00bboff\u00bb global_colors_info=\u00bb{}\u00bb][et_pb_row _builder_version=\u00bb4.27.2&#8243; _module_preset=\u00bbdefault\u00bb global_colors_info=\u00bb{}\u00bb][et_pb_column type=\u00bb4_4&#8243; _builder_version=\u00bb4.27.2&#8243; _module_preset=\u00bbdefault\u00bb global_colors_info=\u00bb{}\u00bb][et_pb_text _builder_version=\u00bb4.27.2&#8243; _module_preset=\u00bbdefault\u00bb text_orientation=\u00bbcenter\u00bb global_colors_info=\u00bb{}\u00bb]<\/p>\n<h2>Ap\u00f3yanos<\/h2>\n<p>Gracias al valioso apoyo de nuestros financiadores, tanto actuales como anteriores, nuestra coalici\u00f3n de organizaciones ha prosperado hasta convertirse en la red importante que es hoy en d\u00eda. Juntos, estamos dando pasos importantes para proteger y restaurar la salud de la cuenca del R\u00edo de la Plata.<\/p>\n<p>Si est\u00e1 interesado en apoyar este importante trabajo, p\u00f3ngase en contacto con Eva Schmitz, coordinadora de la red Humedales sin Fronteras, en e.schmitz @ bothends.org para explorar c\u00f3mo podemos colaborar de manera eficaz.<\/p>\n<p>[\/et_pb_text][\/et_pb_column][\/et_pb_row][\/et_pb_section]<\/p>\n","protected":false},"excerpt":{"rendered":"<p>Ap\u00f3yanos Gracias al valioso apoyo de nuestros financiadores, tanto actuales como anteriores, nuestra coalici\u00f3n de organizaciones ha prosperado hasta convertirse en la red importante que es hoy en d\u00eda. Juntos, estamos dando pasos importantes para proteger y restaurar la salud de la cuenca del R\u00edo de la Plata. Si est\u00e1 interesado en apoyar este importante [&hellip;]<\/p>\n","protected":false},"author":1,"featured_media":0,"parent":0,"menu_order":0,"comment_status":"closed","ping_status":"closed","template":"","meta":{"_et_pb_use_builder":"on","_et_pb_old_content":"","_et_gb_content_width":"","inline_featured_image":false,"footnotes":"","_links_to":"","_links_to_target":""},"categories":[],"tags":[],"class_list":["post-2430","page","type-page","status-publish","hentry"],"_links":{"self":[{"href":"https:\/\/humedalessinfronteras.org\/es\/wp-json\/wp\/v2\/pages\/2430"}],"collection":[{"href":"https:\/\/humedalessinfronteras.org\/es\/wp-json\/wp\/v2\/pages"}],"about":[{"href":"https:\/\/humedalessinfronteras.org\/es\/wp-json\/wp\/v2\/types\/page"}],"author":[{"embeddable":true,"href":"https:\/\/humedalessinfronteras.org\/es\/wp-json\/wp\/v2\/users\/1"}],"replies":[{"embeddable":true,"href":"https:\/\/humedalessinfronteras.org\/es\/wp-json\/wp\/v2\/comments?post=2430"}],"version-history":[{"count":4,"href":"https:\/\/humedalessinfronteras.org\/es\/wp-json\/wp\/v2\/pages\/2430\/revisions"}],"predecessor-version":[{"id":2717,"href":"https:\/\/humedalessinfronteras.org\/es\/wp-json\/wp\/v2\/pages\/2430\/revisions\/2717"}],"wp:attachment":[{"href":"https:\/\/humedalessinfronteras.org\/es\/wp-json\/wp\/v2\/media?parent=2430"}],"wp:term":[{"taxonomy":"category","embeddable":true,"href":"https:\/\/humedalessinfronteras.org\/es\/wp-json\/wp\/v2\/categories?post=2430"},{"taxonomy":"post_tag","embeddable":true,"href":"https:\/\/humedalessinfronteras.org\/es\/wp-json\/wp\/v2\/tags?post=2430"}],"curies":[{"name":"wp","href":"https:\/\/api.w.org\/{rel}","templated":true}]}}